{"id":871,"date":"2024-08-09T20:21:28","date_gmt":"2024-08-09T18:21:28","guid":{"rendered":"https:\/\/akanth-ukulele.com\/?post_type=product&#038;p=871"},"modified":"2024-12-15T23:03:17","modified_gmt":"2024-12-15T22:03:17","slug":"harmonie","status":"publish","type":"product","link":"https:\/\/akanth-ukulele.com\/index.php\/produit\/harmonie\/","title":{"rendered":"Table d&rsquo;harmonie"},"content":{"rendered":"<p style=\"text-align: left;\">Les tables d&rsquo;harmonie sont grav\u00e9es sur les 2 faces.<br \/>\nLa face visible est personnalisable avec diff\u00e9rents motifs ; la face masqu\u00e9e permet en fonction de votre choix de modifier la r\u00e9sonnance et ainsi une hauteur d\u00e9finie.<br \/>\n\u00c0 la commande nous vous offrons donc la possibilit\u00e9 de choisir parmi 3 hauteurs : grave, medium ou aigu.<\/p>\n","protected":false},"excerpt":{"rendered":"<p><img loading=\"lazy\" decoding=\"async\" class=\"alignnone size-medium wp-image-2223\" src=\"https:\/\/akanth-ukulele.com\/wp-content\/uploads\/2024\/08\/Personnaliser2-300x34.png\" alt=\"\" width=\"300\" height=\"34\" srcset=\"https:\/\/akanth-ukulele.com\/wp-content\/uploads\/2024\/08\/Personnaliser2-300x34.png 300w, https:\/\/akanth-ukulele.com\/wp-content\/uploads\/2024\/08\/Personnaliser2-1024x116.png 1024w, https:\/\/akanth-ukulele.com\/wp-content\/uploads\/2024\/08\/Personnaliser2-768x87.png 768w, https:\/\/akanth-ukulele.com\/wp-content\/uploads\/2024\/08\/Personnaliser2.png 1048w\" sizes=\"auto, (max-width: 300px) 100vw, 300px\" \/><\/p>\n","protected":false},"featured_media":2660,"comment_status":"open","ping_status":"closed","template":"","meta":[],"product_brand":[],"product_cat":[38],"product_tag":[],"class_list":{"0":"post-871","1":"product","2":"type-product","3":"status-publish","4":"has-post-thumbnail","6":"product_cat-table_harmony","9":"first","10":"instock","11":"taxable","12":"shipping-taxable","13":"purchasable","14":"product-type-variable","15":"has-default-attributes"},"_links":{"self":[{"href":"https:\/\/akanth-ukulele.com\/index.php\/wp-json\/wp\/v2\/product\/871","targetHints":{"allow":["GET"]}}],"collection":[{"href":"https:\/\/akanth-ukulele.com\/index.php\/wp-json\/wp\/v2\/product"}],"about":[{"href":"https:\/\/akanth-ukulele.com\/index.php\/wp-json\/wp\/v2\/types\/product"}],"replies":[{"embeddable":true,"href":"https:\/\/akanth-ukulele.com\/index.php\/wp-json\/wp\/v2\/comments?post=871"}],"wp:featuredmedia":[{"embeddable":true,"href":"https:\/\/akanth-ukulele.com\/index.php\/wp-json\/wp\/v2\/media\/2660"}],"wp:attachment":[{"href":"https:\/\/akanth-ukulele.com\/index.php\/wp-json\/wp\/v2\/media?parent=871"}],"wp:term":[{"taxonomy":"product_brand","embeddable":true,"href":"https:\/\/akanth-ukulele.com\/index.php\/wp-json\/wp\/v2\/product_brand?post=871"},{"taxonomy":"product_cat","embeddable":true,"href":"https:\/\/akanth-ukulele.com\/index.php\/wp-json\/wp\/v2\/product_cat?post=871"},{"taxonomy":"product_tag","embeddable":true,"href":"https:\/\/akanth-ukulele.com\/index.php\/wp-json\/wp\/v2\/product_tag?post=871"}],"curies":[{"name":"wp","href":"https:\/\/api.w.org\/{rel}","templated":true}]}}