{"id":175,"date":"2024-07-08T00:57:57","date_gmt":"2024-07-07T22:57:57","guid":{"rendered":"https:\/\/akanth-ukulele.com\/?post_type=product&#038;p=175"},"modified":"2026-02-11T22:26:47","modified_gmt":"2026-02-11T21:26:47","slug":"kaori","status":"publish","type":"product","link":"https:\/\/akanth-ukulele.com\/index.php\/produit\/kaori\/","title":{"rendered":"Kaori"},"content":{"rendered":"<p>Le Kaori reprend le standard de l&rsquo;instrument avec un format facile \u00e0 transporter (fin, l\u00e9ger et surtout solide)<br \/>\nCe mod\u00e8le est \u00e9volutif avec nos tables d&rsquo;harmonie amovibles et interchangeables.<\/p>\n<p>Le son chaud et puissant de cet instrument pourra bient\u00f4t \u00eatre \u00e9lectrifi\u00e9 afin de vous raccorder \u00e0 vos enceintes pr\u00e9f\u00e9r\u00e9es.<\/p>\n<p><span style=\"text-decoration: underline;\"><strong>Dimensions en cm (LxlxH) :<br \/>\n<\/strong><\/span>55x20x3<br \/>\n<span style=\"text-decoration: underline;\"><strong>Contenu :<\/strong><\/span><br \/>\nx1 Ukul\u00e9l\u00e9 Kaori<br \/>\nx1 Table d&rsquo;harmonie personnalis\u00e9e<br \/>\nx1 Accroche murale Akanth<\/p>\n","protected":false},"excerpt":{"rendered":"<p><img loading=\"lazy\" decoding=\"async\" class=\"alignnone size-medium wp-image-1769\" src=\"https:\/\/akanth-ukulele.com\/wp-content\/uploads\/2024\/08\/Personnaliser-300x29.png\" alt=\"\" width=\"300\" height=\"29\" srcset=\"https:\/\/akanth-ukulele.com\/wp-content\/uploads\/2024\/08\/Personnaliser-300x29.png 300w, https:\/\/akanth-ukulele.com\/wp-content\/uploads\/2024\/08\/Personnaliser-1024x99.png 1024w, https:\/\/akanth-ukulele.com\/wp-content\/uploads\/2024\/08\/Personnaliser-768x74.png 768w, https:\/\/akanth-ukulele.com\/wp-content\/uploads\/2024\/08\/Personnaliser-1536x148.png 1536w, https:\/\/akanth-ukulele.com\/wp-content\/uploads\/2024\/08\/Personnaliser.png 2004w\" sizes=\"auto, (max-width: 300px) 100vw, 300px\" \/><\/p>\n","protected":false},"featured_media":1932,"comment_status":"open","ping_status":"closed","template":"","meta":[],"product_brand":[],"product_cat":[29],"product_tag":[39],"class_list":{"0":"post-175","1":"product","2":"type-product","3":"status-publish","4":"has-post-thumbnail","6":"product_cat-ukuleles","7":"product_tag-ukulele","10":"first","11":"instock","12":"sale","13":"taxable","14":"shipping-taxable","15":"purchasable","16":"product-type-variable","17":"has-default-attributes"},"_links":{"self":[{"href":"https:\/\/akanth-ukulele.com\/index.php\/wp-json\/wp\/v2\/product\/175","targetHints":{"allow":["GET"]}}],"collection":[{"href":"https:\/\/akanth-ukulele.com\/index.php\/wp-json\/wp\/v2\/product"}],"about":[{"href":"https:\/\/akanth-ukulele.com\/index.php\/wp-json\/wp\/v2\/types\/product"}],"replies":[{"embeddable":true,"href":"https:\/\/akanth-ukulele.com\/index.php\/wp-json\/wp\/v2\/comments?post=175"}],"wp:featuredmedia":[{"embeddable":true,"href":"https:\/\/akanth-ukulele.com\/index.php\/wp-json\/wp\/v2\/media\/1932"}],"wp:attachment":[{"href":"https:\/\/akanth-ukulele.com\/index.php\/wp-json\/wp\/v2\/media?parent=175"}],"wp:term":[{"taxonomy":"product_brand","embeddable":true,"href":"https:\/\/akanth-ukulele.com\/index.php\/wp-json\/wp\/v2\/product_brand?post=175"},{"taxonomy":"product_cat","embeddable":true,"href":"https:\/\/akanth-ukulele.com\/index.php\/wp-json\/wp\/v2\/product_cat?post=175"},{"taxonomy":"product_tag","embeddable":true,"href":"https:\/\/akanth-ukulele.com\/index.php\/wp-json\/wp\/v2\/product_tag?post=175"}],"curies":[{"name":"wp","href":"https:\/\/api.w.org\/{rel}","templated":true}]}}