{"id":342,"date":"2024-07-16T14:51:33","date_gmt":"2024-07-16T12:51:33","guid":{"rendered":"https:\/\/akanth-ukulele.com\/?page_id=342"},"modified":"2024-07-16T14:53:17","modified_gmt":"2024-07-16T12:53:17","slug":"conditions-generales-de-vente","status":"publish","type":"page","link":"https:\/\/akanth-ukulele.com\/index.php\/conditions-generales-de-vente\/","title":{"rendered":"Conditions G\u00e9n\u00e9rales de Vente"},"content":{"rendered":"\n<h1 class=\"wp-block-heading\">Conditions G\u00e9n\u00e9rales de Vente<\/h1>\n\n\n\n<h2 class=\"wp-block-heading\">Voici nos conditions g\u00e9n\u00e9rales de vente.<\/h2>\n\n\n\n<p><\/p>\n\n\n\n<ol class=\"wp-block-list\">\n<li>Les produits vendus sur <a href=\"https:\/\/akanth-ukulele.com\">Akanth-Ukulele<\/a> sont ..<\/li>\n\n\n\n<li>Conditions de retour : \u00e0 vos frais sauf si le service commercial valide un d\u00e9faut interne \u00e0 l&rsquo;entreprise.<\/li>\n\n\n\n<li>&#8230;.<\/li>\n<\/ol>\n","protected":false},"excerpt":{"rendered":"<p>Conditions G\u00e9n\u00e9rales de Vente Voici nos conditions g\u00e9n\u00e9rales de vente.<\/p>\n","protected":false},"author":1,"featured_media":0,"parent":0,"menu_order":0,"comment_status":"closed","ping_status":"closed","template":"","meta":{"footnotes":""},"class_list":["post-342","page","type-page","status-publish","hentry"],"_links":{"self":[{"href":"https:\/\/akanth-ukulele.com\/index.php\/wp-json\/wp\/v2\/pages\/342","targetHints":{"allow":["GET"]}}],"collection":[{"href":"https:\/\/akanth-ukulele.com\/index.php\/wp-json\/wp\/v2\/pages"}],"about":[{"href":"https:\/\/akanth-ukulele.com\/index.php\/wp-json\/wp\/v2\/types\/page"}],"author":[{"embeddable":true,"href":"https:\/\/akanth-ukulele.com\/index.php\/wp-json\/wp\/v2\/users\/1"}],"replies":[{"embeddable":true,"href":"https:\/\/akanth-ukulele.com\/index.php\/wp-json\/wp\/v2\/comments?post=342"}],"version-history":[{"count":3,"href":"https:\/\/akanth-ukulele.com\/index.php\/wp-json\/wp\/v2\/pages\/342\/revisions"}],"predecessor-version":[{"id":346,"href":"https:\/\/akanth-ukulele.com\/index.php\/wp-json\/wp\/v2\/pages\/342\/revisions\/346"}],"wp:attachment":[{"href":"https:\/\/akanth-ukulele.com\/index.php\/wp-json\/wp\/v2\/media?parent=342"}],"curies":[{"name":"wp","href":"https:\/\/api.w.org\/{rel}","templated":true}]}}