{"id":2325,"date":"2024-10-22T23:51:40","date_gmt":"2024-10-22T21:51:40","guid":{"rendered":"https:\/\/akanth-ukulele.com\/?page_id=2325"},"modified":"2024-11-08T00:19:06","modified_gmt":"2024-11-07T23:19:06","slug":"latelier","status":"publish","type":"page","link":"https:\/\/akanth-ukulele.com\/index.php\/latelier\/","title":{"rendered":"L&rsquo;atelier"},"content":{"rendered":"<div class=\"wpb-content-wrapper\"><p>[vc_row][vc_column width=\u00a0\u00bb1\/3&Prime;][vc_single_image image=\u00a0\u00bb2092&Prime; img_size=\u00a0\u00bbmedium\u00a0\u00bb alignment=\u00a0\u00bbcenter\u00a0\u00bb css=\u00a0\u00bb\u00a0\u00bb][\/vc_column][vc_column width=\u00a0\u00bb1\/3&Prime;][vc_column_text css=\u00a0\u00bb\u00a0\u00bb]L\u2019entr\u00e9e de l&rsquo;atelier de production se trouve 8 rue du Ch\u00e2teau \u00e0 Bures sur Yvette dans l\u2019Essonne (91). Ce n\u2019est pas un magasin, les ventes sont r\u00e9alis\u00e9es sur internet ou sur des march\u00e9s temporaires.<\/p>\n<p>Si vous voulez venir visiter l\u2019atelier, vous \u00eates les bienvenues. Vous pouvez \u00e9galement venir sur place pour choisir votre Ukul\u00e9l\u00e9, c\u2019est toujours plus int\u00e9ressant de venir s\u00e9lectionner un instrument sur place. Chaque mod\u00e8le aura un son qui lui est propre.<\/p>\n<p>Appelez-moi au 0629340967 pour prendre rendez-vous. N\u2019h\u00e9sitez pas \u00e0 me laisser un message, le bruit des machines fait que je n\u2019entends pas toujours mon t\u00e9l\u00e9phone.<\/p>\n<p>Au plaisir de vous rencontrer.<\/p>\n<p>Arnaud HUILLIER[\/vc_column_text][\/vc_column][vc_column width=\u00a0\u00bb1\/3&Prime;][vc_single_image image=\u00a0\u00bb2550&Prime; img_size=\u00a0\u00bbmedium\u00a0\u00bb alignment=\u00a0\u00bbcenter\u00a0\u00bb css=\u00a0\u00bb\u00a0\u00bb][\/vc_column][\/vc_row]<\/p>\n<\/div>","protected":false},"excerpt":{"rendered":"<p>[vc_row][vc_column width=\u00a0\u00bb1\/3&Prime;][vc_single_image image=\u00a0\u00bb2092&Prime; img_size=\u00a0\u00bbmedium\u00a0\u00bb alignment=\u00a0\u00bbcenter\u00a0\u00bb css=\u00a0\u00bb\u00a0\u00bb][\/vc_column][vc_column width=\u00a0\u00bb1\/3&Prime;][vc_column_text css=\u00a0\u00bb\u00a0\u00bb]L\u2019entr\u00e9e de l&rsquo;atelier de production se trouve 8 rue du Ch\u00e2teau \u00e0 Bures sur Yvette dans l\u2019Essonne (91). Ce n\u2019est pas un magasin, [&hellip;]<\/p>\n","protected":false},"author":2,"featured_media":0,"parent":0,"menu_order":0,"comment_status":"closed","ping_status":"closed","template":"","meta":{"footnotes":""},"class_list":["post-2325","page","type-page","status-publish","hentry"],"_links":{"self":[{"href":"https:\/\/akanth-ukulele.com\/index.php\/wp-json\/wp\/v2\/pages\/2325","targetHints":{"allow":["GET"]}}],"collection":[{"href":"https:\/\/akanth-ukulele.com\/index.php\/wp-json\/wp\/v2\/pages"}],"about":[{"href":"https:\/\/akanth-ukulele.com\/index.php\/wp-json\/wp\/v2\/types\/page"}],"author":[{"embeddable":true,"href":"https:\/\/akanth-ukulele.com\/index.php\/wp-json\/wp\/v2\/users\/2"}],"replies":[{"embeddable":true,"href":"https:\/\/akanth-ukulele.com\/index.php\/wp-json\/wp\/v2\/comments?post=2325"}],"version-history":[{"count":7,"href":"https:\/\/akanth-ukulele.com\/index.php\/wp-json\/wp\/v2\/pages\/2325\/revisions"}],"predecessor-version":[{"id":2711,"href":"https:\/\/akanth-ukulele.com\/index.php\/wp-json\/wp\/v2\/pages\/2325\/revisions\/2711"}],"wp:attachment":[{"href":"https:\/\/akanth-ukulele.com\/index.php\/wp-json\/wp\/v2\/media?parent=2325"}],"curies":[{"name":"wp","href":"https:\/\/api.w.org\/{rel}","templated":true}]}}