{"id":2322,"date":"2024-10-22T23:50:02","date_gmt":"2024-10-22T21:50:02","guid":{"rendered":"https:\/\/akanth-ukulele.com\/?page_id=2322"},"modified":"2024-10-30T15:28:25","modified_gmt":"2024-10-30T14:28:25","slug":"premiers-pas","status":"publish","type":"page","link":"https:\/\/akanth-ukulele.com\/index.php\/premiers-pas\/","title":{"rendered":"Premiers pas"},"content":{"rendered":"<div class=\"wpb-content-wrapper\"><p>[vc_row][vc_column][vc_column_text css_animation=\u00a0\u00bbnone\u00a0\u00bb css=\u00a0\u00bb\u00a0\u00bb]<\/p>\n<h1 style=\"text-align: center;\"><strong>PREMIERS PAS<\/strong><\/h1>\n<h6 style=\"text-align: center;\"><strong>(Cet article s&rsquo;adresse aux d\u00e9butants)<\/strong><\/h6>\n<p>[\/vc_column_text][\/vc_column][\/vc_row][vc_row][vc_column][vc_column_text css=\u00a0\u00bb\u00a0\u00bb]<\/p>\n<h3><strong><span style=\"text-decoration: underline;\">1\/ Faites le bon choix<\/span><\/strong><\/h3>\n<p style=\"text-align: center;\"><span class=\"text-xl\"><strong>V<\/strong>ous voil\u00e0 l\u2019heureux propri\u00e9taire d\u2019un Ukul\u00e9l\u00e9 Akanth.<br \/>\nF\u00e9licitations, vous faites maintenant partie de l\u2019\u00e9quipe.<\/span><\/p>\n<p>&nbsp;<\/p>\n<p><strong>Deux choix s\u2019offrent \u00e0 vous :<\/strong><\/p>\n<ul>\n<li>L\u2019accrocher au mur pour d\u00e9corer le papier peint fleuri de votre salon. Vous allez probablement attirer l\u2019attention de vos invit\u00e9s, qui, t\u00f4t ou tard risquent de vous demander une d\u00e9monstration.<\/li>\n<li>Apprendre \u00e0 jouer pour vraiment impressionner vos amis et pourquoi pas, prendre du plaisir \u00e0 pratiquer la musique.<\/li>\n<\/ul>\n<p style=\"text-align: center;\"><strong>Vous n\u2019\u00eates pas sur un site de bricolage et n\u2019avez surement pas besoin de mes conseils pour savoir o\u00f9 l\u2019accrocher (m\u00eame si par pr\u00e9caution, j\u2019ai quand m\u00eame pr\u00e9f\u00e9r\u00e9 \u00e9laborer une fixation adapt\u00e9e que vous trouverez en vente <a href=\"https:\/\/akanth-ukulele.com\/index.php\/categorie-produit\/support\/\" target=\"_blank\" rel=\"noopener\">ICI<\/a>)<\/strong><\/p>\n<p>[\/vc_column_text][\/vc_column][\/vc_row][vc_row][vc_column][vc_column_text css=\u00a0\u00bb\u00a0\u00bb]<\/p>\n<h3><strong><span style=\"text-decoration: underline;\">2\/ Le Ukul\u00e9l\u00e9 Akanth<\/span><\/strong><\/h3>\n<p><strong>Le Ukul\u00e9l\u00e9 est un instrument qui peut s\u2019apprendre assez rapidement (au moins les bases) Avec un peu de pers\u00e9v\u00e9rance, on progresse tr\u00e8s vite pour dompter ses 4 cordes.<\/strong><\/p>\n<p><strong>Sa petite taille permet de le transporter facilement : plus d\u2019excuse pour ne pas pratiquer partout et tout le temps et enfin r\u00e9v\u00e9ler le virtuose qui sommeille en vous depuis tant d&rsquo;ann\u00e9es !<\/strong><\/p>\n<p><strong>Mieux vaut jouer quelques minutes r\u00e9guli\u00e8rement plut\u00f4t que plusieurs heures \u00e9pisodiquement.<\/strong>[\/vc_column_text][vc_column_text css=\u00a0\u00bb\u00a0\u00bb]<\/p>\n<h4 style=\"text-align: center;\"><strong><span style=\"text-decoration: underline;\">Sa description :<\/span><\/strong><\/h4>\n<h6><strong>Je vous propose de vous familiariser avec les diff\u00e9rentes parties de l\u2019instrument.<\/strong><\/h6>\n<p>[\/vc_column_text][vc_single_image image=\u00a0\u00bb2306&Prime; img_size=\u00a0\u00bbfull\u00a0\u00bb css_animation=\u00a0\u00bbnone\u00a0\u00bb css=\u00a0\u00bb\u00a0\u00bb][vc_empty_space][vc_column_text css=\u00a0\u00bb\u00a0\u00bb]<\/p>\n<h4 style=\"text-align: center;\"><span style=\"text-decoration: underline;\"><strong>Mise en route :<\/strong><\/span><\/h4>\n<h6><strong>On va commencer par accorder votre instrument<\/strong><\/h6>\n<p><strong>Deux solutions existent :<br \/>\n<\/strong><\/p>\n<ul>\n<li><strong>L&rsquo;accordeur \u00e0 pince<\/strong><br \/>\nque l\u2019on vient clipser sur la t\u00eate de l\u2019instrument et que vous trouverez en vente sur le site <span style=\"color: #000000;\"><a style=\"color: #000000;\" href=\"https:\/\/akanth-ukulele.com\/index.php\/categorie-produit\/tuner\/\" target=\"_blank\" rel=\"noopener\">ICI<\/a><\/span>. Il va capter la vibration de l\u2019instrument, vous pouvez donc l\u2019accorder dans un milieu sonore sans probl\u00e8me.<\/li>\n<li><strong>L&rsquo;application smartphone<br \/>\n<\/strong>d\u2019accordeur de ukul\u00e9l\u00e9. Certaines sont gratuites comme <span class=\"color-second\" style=\"color: #000000;\"><a style=\"color: #000000;\" href=\"https:\/\/play.google.com\/store\/apps\/details?id=com.ovelin.guitartuna&amp;hl=fr&amp;pli=1\" target=\"_blank\" rel=\"noopener\">GuitarTuna<\/a><\/span> (je n\u2019ai aucun accord commercial avec l\u2019\u00e9diteur &#8211; je la trouve assez simple \u00e0 prendre en main). L\u2019accordage par smartphone se fait par signal sonore, il faut donc le r\u00e9aliser en milieu calme.<strong><br \/>\n<\/strong><\/li>\n<\/ul>\n<p>[\/vc_column_text][\/vc_column][\/vc_row][vc_row][vc_column width=\u00a0\u00bb1\/2&Prime;][vc_column_text css=\u00a0\u00bb\u00a0\u00bb]<\/p>\n<p style=\"text-align: left;\"><strong>Sur votre Ukul\u00e9l\u00e9 Akanth, le chevalet n\u2019est pas fixe. Cette sp\u00e9cificit\u00e9 permet de changer la table d\u2019harmonie.<\/strong><br \/>\n<strong>Vous pouvez passer d\u2019un mod\u00e8le acoustique \u00e0 un Ukul\u00e9l\u00e9 \u00e9lectrique, ou changer de motif en un geste.<br \/>\n<\/strong><\/p>\n<p><strong>Il doit \u00eatre plac\u00e9 \u00e0 35 cm du sillet, ce qui correspond au diapason d\u2019un ukul\u00e9l\u00e9 de taille soprano <\/strong>(le diapason est la longueur de la corde qui vibre entre le sillet et le chevalet).[\/vc_column_text][\/vc_column][vc_column width=\u00a0\u00bb1\/2&Prime;][vc_column_text css=\u00a0\u00bb\u00a0\u00bb]<strong>Pour placer le chevalet, soit vous mesurez les 35 cm, soit vous placez le chevalet au centre de la table d\u2019harmonie. Il doit \u00eatre perpendiculaire aux cordes.<\/strong>[\/vc_column_text][vc_column_text css=\u00a0\u00bb\u00a0\u00bb]<\/p>\n<h4><strong>Placer correctement le chevalet :<\/strong><\/h4>\n<p>[\/vc_column_text][\/vc_column][\/vc_row][vc_row][vc_column][vc_single_image image=\u00a0\u00bb2307&Prime; img_size=\u00a0\u00bbfull\u00a0\u00bb alignment=\u00a0\u00bbcenter\u00a0\u00bb css=\u00a0\u00bb\u00a0\u00bb][vc_column_text css=\u00a0\u00bb\u00a0\u00bb]<\/p>\n<h2 style=\"text-align: center;\"><strong>Votre Ukul\u00e9l\u00e9 est pr\u00eat pour l&rsquo;accordage<\/strong><\/h2>\n<p>[\/vc_column_text][\/vc_column][\/vc_row][vc_row][vc_column][vc_column_text css=\u00a0\u00bb\u00a0\u00bb]<\/p>\n<h3><span style=\"text-decoration: underline;\"><strong>3\/ Accorder l&rsquo;instrument<\/strong><\/span><\/h3>\n<p><strong>Il existe deux fa\u00e7ons de nommer les notes : la mani\u00e8re classique et la mani\u00e8re internationale.<\/strong><br \/>\n<strong>Ce petit tableau peut vous aider \u00e0 faire la transition car c\u2019est la mani\u00e8re internationale qui nous int\u00e9resse.<\/strong>[\/vc_column_text][vc_single_image image=\u00a0\u00bb2337&Prime; img_size=\u00a0\u00bbfull\u00a0\u00bb alignment=\u00a0\u00bbcenter\u00a0\u00bb css=\u00a0\u00bb\u00a0\u00bb][vc_column_text css=\u00a0\u00bb\u00a0\u00bb]<strong>Le Ukul\u00e9l\u00e9 s\u2019accorde de haut en bas (ordre des cordes quand vous tenez l\u2019instrument en position de jeu) G, C, E, A.<\/strong>[\/vc_column_text][vc_single_image image=\u00a0\u00bb2309&Prime; img_size=\u00a0\u00bbmedium\u00a0\u00bb alignment=\u00a0\u00bbcenter\u00a0\u00bb css=\u00a0\u00bb\u00a0\u00bb][vc_column_text css=\u00a0\u00bb\u00a0\u00bb]<strong>Il suffit de gratter la corde concern\u00e9e et de regarder sur l\u2019\u00e9cran (accordeur ou smartphone) o\u00f9 se situe le curseur.<br \/>\nPuis on tourne la m\u00e9canique correspondant \u00e0 la corde : le curseur bouge sur l&rsquo;\u00e9cran.<br \/>\nSi le curseur se rapproche de l\u2019axe : on tourne dans le bon sens.<br \/>\nS\u2019il s\u2019en \u00e9loigne : il faut tourner dans l\u2019autre sens.<br \/>\nLe nom de la note s\u2019affiche \u00e9galement sur l\u2019\u00e9cran.<\/strong><\/p>\n<p>Le Ukul\u00e9l\u00e9 est \u00e0 accorder le temps du rodage : au d\u00e9but on l\u2019accorde r\u00e9guli\u00e8rement pour que les cordes se mettent en place (m\u00eame si en atelier, j\u2019accorde les instruments plusieurs fois, vous devez finir le travail et vous familiariser avec ces gestes).<br \/>\nPatience, apr\u00e8s une dizaine de jours, plus rien ne bouge : on n\u2019a plus besoin de l\u2019accorder, \u00e0 moins d\u2019une mauvaise manipulation[\/vc_column_text][vc_column_text css=\u00a0\u00bb\u00a0\u00bb]<\/p>\n<h2 style=\"text-align: center;\">Vous \u00eates maintenant pr\u00eat(e) \u00e0 jouer<\/h2>\n<p>[\/vc_column_text][\/vc_column][\/vc_row][vc_row][vc_column][vc_column_text css=\u00a0\u00bb\u00a0\u00bb]<\/p>\n<h3><span style=\"text-decoration: underline;\">4\/ Les tablatures<\/span><\/h3>\n<p><strong>Les tablatures sont simples \u00e0 comprendre \u00e0 condition de connaitre quelques r\u00e8gles.<br \/>\n<\/strong><strong>Vous allez trouver deux types de tablatures\u00a0:<\/strong><\/p>\n<ul>\n<li><strong>La premi\u00e8re permet de jouer des morceaux <\/strong><strong>notes \u00e0 notes.<\/strong><\/li>\n<\/ul>\n<p><strong>On trouve 4 lignes horizontales correspondant aux 4 cordes : <span style=\"color: #ff6600;\">la ligne du bas correspond \u00e0 la corde du haut<\/span><br \/>\n<\/strong>(je ne m\u2019explique pas cette logique mais pas de panique, on s\u2019y habitue)<\/p>\n<p><strong>La tablature se lie de gauche \u00e0 droite. On ne joue que les cordes marqu\u00e9es d\u2019un num\u00e9ro. Le num\u00e9ro correspond \u00e0 la case (en partant de la t\u00eate de l\u2019instrument) sur laquelle vous allez apposer votre doigt.<br \/>\n<\/strong>Prenons \u00ab\u00a0Godfather theme\u00a0\u00bb comme exemple :[\/vc_column_text][vc_single_image image=\u00a0\u00bb2310&Prime; img_size=\u00a0\u00bbmedium\u00a0\u00bb alignment=\u00a0\u00bbcenter\u00a0\u00bb css=\u00a0\u00bb\u00a0\u00bb][vc_column_text css=\u00a0\u00bb\u00a0\u00bb]<strong>0 sur la ligne E\u00a0: <\/strong>je joue la troisi\u00e8me corde en partant du haut \u00e0 vide (sans appuyer dessus).<br \/>\n<strong>3 sur la ligne A\u00a0: <\/strong>je joue la quatri\u00e8me corde en partant du haut en appuyant sur la troisi\u00e8me case.<\/p>\n<p>Il peut arriver que vous trouviez plusieurs lignes avec un num\u00e9ro en m\u00eame temps, dans ce cas, il faut jouer plusieurs cordes en m\u00eame temps, mais l\u00e0 on commence \u00e0 chercher la difficult\u00e9.<\/p>\n<ul>\n<li><strong>La seconde permet de jouer des accords <\/strong>(en grattant les 4 cordes ensemble).<br \/>\n<strong>Voici un exemple de grilles r\u00e9unissant les principaux accords.<\/strong><\/li>\n<\/ul>\n<p>[\/vc_column_text][vc_single_image image=\u00a0\u00bb2313&Prime; img_size=\u00a0\u00bbfull\u00a0\u00bb alignment=\u00a0\u00bbcenter\u00a0\u00bb css=\u00a0\u00bb\u00a0\u00bb][vc_column_text css=\u00a0\u00bb\u00a0\u00bb]<strong>Pas de panique, c\u2019est tr\u00e8s simple \u00e0 lire !<\/strong><br \/>\n<strong>Prenons par exemple le C (la note \u00ab\u00a0Do\u00a0\u00bb pour ceux qui n\u2019ont pas suivi)<\/strong>[\/vc_column_text][\/vc_column][\/vc_row][vc_row][vc_column width=\u00a0\u00bb1\/2&Prime;][vc_column_text css=\u00a0\u00bb\u00a0\u00bb]<strong>Ce diagramme repr\u00e9sente le haut du manche du Ukul\u00e9l\u00e9.<br \/>\nVerticalement ce sont les 4 cordes, et horizontalement les frettes.<br \/>\nLa lettre en haut (ici le C) situe la t\u00eate de l\u2019instrument. Le point noir indique l\u2019endroit o\u00f9 vous devez appuyer sur les cordes pour r\u00e9aliser votre accord.<\/strong><\/p>\n<p><strong>Au d\u00e9but ne cherchez pas \u00e0 faire des accords complexes, trouvez en un ou deux et travaillez votre battement (aller-retour avec la main qui gratte les cordes)<\/strong>[\/vc_column_text][\/vc_column][vc_column width=\u00a0\u00bb1\/2&Prime;][vc_single_image image=\u00a0\u00bb2314&Prime; img_size=\u00a0\u00bbmedium\u00a0\u00bb alignment=\u00a0\u00bbcenter\u00a0\u00bb css=\u00a0\u00bb\u00a0\u00bb][\/vc_column][\/vc_row][vc_row][vc_column width=\u00a0\u00bb1\/2&Prime; offset=\u00a0\u00bbvc_col-xs-3&Prime;][vc_column_text css=\u00a0\u00bb\u00a0\u00bb]<\/p>\n<h3><span style=\"text-decoration: underline;\"><strong>5\/ Le battement<\/strong><\/span><\/h3>\n<p><strong>Si vous \u00eates droitier, ce sera la main droite, si vous \u00eates gaucher\u2026 je vous laisse deviner \ud83d\ude42<\/strong><\/p>\n<p><strong>En th\u00e9orie, on utilise l\u2019index pour gratter les cordes, mais il est possible d&rsquo;\u00eatre plus \u00e0 l\u2019aise avec un autre doigt<\/strong><\/p>\n<p><strong>Tenez votre instrument contre votre ventre ou votre poitrine\u00a0: la partie la plus charnue conviendra le mieux (pour une fois c\u2019est un avantage d\u2019avoir du ventre). En bouchant la sortie d\u2019air arri\u00e8re avec votre corps le son sera plus fort.<\/strong><\/p>\n<p><strong>On bloque l\u2019instrument avec son avant-bras au niveau de la fixation des cordes et on gratte les cordes <\/strong><strong>au niveau de la derni\u00e8re frette.<\/strong><\/p>\n<p><strong>Diff\u00e9rents battements pour s\u2019entrainer\u00a0:<\/strong><\/p>\n<ul>\n<li><strong>Le plus simple<\/strong><strong>:<\/strong><strong> \u00a0 haut, bas, haut, bas \u2026<\/strong><\/li>\n<li><strong>Le plus styl\u00e9 <\/strong><strong>: <\/strong><strong>Bas, bas\u00a0; haut, haut, bas, haut \u2026<\/strong><\/li>\n<\/ul>\n<p>Une vid\u00e9o viendra bient\u00f4t illustrer la fin de ce tutoriel.[\/vc_column_text][\/vc_column][vc_column width=\u00a0\u00bb1\/2&Prime; offset=\u00a0\u00bbvc_col-xs-3&Prime;]<div class=\"es-resp\">\t<div class=\"hidden-sm hidden-ms hidden-xs\" style=\"height: 45px;\"><\/div>\t<div class=\"hidden-xl hidden-lg hidden-md hidden-xs\" style=\"height: 20px;\"><\/div>\t<div class=\"visible-xs\" style=\"height: 20px;\"><\/div><\/div>[vc_single_image image=\u00a0\u00bb2586&Prime; img_size=\u00a0\u00bb250&#215;375&Prime; alignment=\u00a0\u00bbcenter\u00a0\u00bb css=\u00a0\u00bb\u00a0\u00bb][\/vc_column][\/vc_row]<\/p>\n<\/div>","protected":false},"excerpt":{"rendered":"<p>[vc_row][vc_column][vc_column_text css_animation=\u00a0\u00bbnone\u00a0\u00bb css=\u00a0\u00bb\u00a0\u00bb] PREMIERS PAS (Cet article s&rsquo;adresse aux d\u00e9butants) [\/vc_column_text][\/vc_column][\/vc_row][vc_row][vc_column][vc_column_text css=\u00a0\u00bb\u00a0\u00bb] 1\/ Faites le bon choix Vous voil\u00e0 l\u2019heureux propri\u00e9taire d\u2019un Ukul\u00e9l\u00e9 Akanth. F\u00e9licitations, vous faites maintenant partie de [&hellip;]<\/p>\n","protected":false},"author":2,"featured_media":0,"parent":0,"menu_order":0,"comment_status":"closed","ping_status":"closed","template":"","meta":{"footnotes":""},"class_list":["post-2322","page","type-page","status-publish","hentry"],"_links":{"self":[{"href":"https:\/\/akanth-ukulele.com\/index.php\/wp-json\/wp\/v2\/pages\/2322","targetHints":{"allow":["GET"]}}],"collection":[{"href":"https:\/\/akanth-ukulele.com\/index.php\/wp-json\/wp\/v2\/pages"}],"about":[{"href":"https:\/\/akanth-ukulele.com\/index.php\/wp-json\/wp\/v2\/types\/page"}],"author":[{"embeddable":true,"href":"https:\/\/akanth-ukulele.com\/index.php\/wp-json\/wp\/v2\/users\/2"}],"replies":[{"embeddable":true,"href":"https:\/\/akanth-ukulele.com\/index.php\/wp-json\/wp\/v2\/comments?post=2322"}],"version-history":[{"count":53,"href":"https:\/\/akanth-ukulele.com\/index.php\/wp-json\/wp\/v2\/pages\/2322\/revisions"}],"predecessor-version":[{"id":2331,"href":"https:\/\/akanth-ukulele.com\/index.php\/wp-json\/wp\/v2\/pages\/2322\/revisions\/2331"}],"wp:attachment":[{"href":"https:\/\/akanth-ukulele.com\/index.php\/wp-json\/wp\/v2\/media?parent=2322"}],"curies":[{"name":"wp","href":"https:\/\/api.w.org\/{rel}","templated":true}]}}