{"id":2319,"date":"2024-10-22T23:47:17","date_gmt":"2024-10-22T21:47:17","guid":{"rendered":"https:\/\/akanth-ukulele.com\/?page_id=2319"},"modified":"2025-08-05T15:01:00","modified_gmt":"2025-08-05T13:01:00","slug":"mon-parcours","status":"publish","type":"page","link":"https:\/\/akanth-ukulele.com\/index.php\/mon-parcours\/","title":{"rendered":"Mon parcours"},"content":{"rendered":"<div class=\"wpb-content-wrapper\"><p>[vc_row][vc_column width=\u00a0\u00bb1\/2&Prime;][vc_column_text css=\u00a0\u00bb\u00a0\u00bb]<span style=\"font-weight: 400;\">Je m\u2019appelle Arnaud, je ne suis pas musicien de formation. Je n\u2019ai pas grandi avec un ukul\u00e9l\u00e9 entre les mains. J\u2019ai d\u00e9couvert la musique tard, en m\u00eame temps que la lutherie. Et \u00e7a a chang\u00e9 beaucoup de choses pour moi.<\/span><\/p>\n<p><span style=\"font-weight: 400;\">Mon parcours commence loin des sc\u00e8nes, dans les ateliers. Je suis <\/span><b>\u00e9b\u00e9niste d\u2019art<\/b><span style=\"font-weight: 400;\">, form\u00e9 \u00e0 la restauration de meubles anciens apr\u00e8s des \u00e9tudes dans une \u00e9cole parisienne. Pendant dix ans, j\u2019ai travaill\u00e9 sur des pi\u00e8ces de mobilier fran\u00e7ais, appris \u00e0 conna\u00eetre les styles, \u00e0 aimer les d\u00e9tails, \u00e0 respecter la mati\u00e8re. Ce savoir-faire du bois est devenu la base de mon travail d\u2019aujourd\u2019hui.<\/span><\/p>\n<p><span style=\"font-weight: 400;\">Quand le meuble ancien est pass\u00e9 de mode, il a fallu repenser ma voie. J\u2019ai quitt\u00e9 Paris pour l\u2019\u00eele d\u2019Ol\u00e9ron, et c\u2019est l\u00e0 que j\u2019ai mis un pied chez un luthier local. Je ne connaissais rien au ukul\u00e9l\u00e9. Je ne jouais pas de musique. Je ne pensais m\u00eame pas pouvoir apprendre un jour.<\/span>[\/vc_column_text][\/vc_column][vc_column width=\u00a0\u00bb1\/2&Prime;][vc_single_image image=\u00a0\u00bb2539&Prime; img_size=\u00a0\u00bb450&#215;300&Prime; alignment=\u00a0\u00bbcenter\u00a0\u00bb css=\u00a0\u00bb\u00a0\u00bb][\/vc_column][\/vc_row][vc_row][vc_column width=\u00a0\u00bb1\/2&Prime;][vc_single_image image=\u00a0\u00bb2471&Prime; css=\u00a0\u00bb\u00a0\u00bb][\/vc_column][vc_column width=\u00a0\u00bb1\/2&Prime;][vc_column_text css=\u00a0\u00bb\u00a0\u00bb]<span style=\"font-weight: 400;\">Et pourtant, en fabriquant ces petits instruments, j\u2019ai eu envie d\u2019essayer. Et l\u00e0, r\u00e9v\u00e9lation : c\u2019est un <b>instrument accessible, gratifiant, et surtout ludique<\/b>. Si moi j\u2019y suis arriv\u00e9, tout le monde peut s\u2019y mettre. M\u00eame sans solf\u00e8ge, m\u00eame sans technique.<\/span><\/p>\n<p><span style=\"font-weight: 400;\">Je suis alors revenu en r\u00e9gion parisienne avec une id\u00e9e claire en t\u00eate : concevoir un <\/span><b>ukul\u00e9l\u00e9 artisanal, solide, compact, facile \u00e0 transporter<\/b><span style=\"font-weight: 400;\">, pour qu\u2019on puisse l\u2019emmener partout et progresser \u00e0 son rythme, dans la rue, en voyage ou dans son salon.<\/span><\/p>\n<p><span style=\"font-weight: 400;\">J\u2019ai repris une m\u00e9thode apprise \u00e0 Ol\u00e9ron : l\u2019assemblage en contreplaqu\u00e9, un mat\u00e9riau parfois d\u00e9cri\u00e9, mais qui me permet d\u2019obtenir une r\u00e9sistance incomparable et un bon volume sonore, tout en gardant un design original. Ce bois me donne aussi plus de libert\u00e9 pour personnaliser l\u2019instrument : couleurs, gravures, rosace, table d\u2019harmonie.<\/span><\/p>\n<p><span style=\"font-weight: 400;\">L\u2019achat d\u2019un laser de d\u00e9coupe et de gravure m\u2019a permis de mettre en place une fabrication artisanale en petite s\u00e9rie, pour proposer un ukul\u00e9l\u00e9 de qualit\u00e9 \u00e0 un prix raisonnable.<\/span><\/p>\n<p><span style=\"font-weight: 400;\">Petit \u00e0 petit, j\u2019ai affin\u00e9 mes lignes, recherch\u00e9 ce <\/span><b>son chaud<\/b><span style=\"font-weight: 400;\">, inspir\u00e9 des \u00eeles du Pacifique, mais avec une touche plus rock dans l\u2019esth\u00e9tique. La marque Akanth est n\u00e9e.<\/span>[\/vc_column_text][\/vc_column][\/vc_row][vc_row][vc_column width=\u00a0\u00bb1\/2&Prime;][vc_column_text css=\u00a0\u00bb\u00a0\u00bb]<span style=\"font-weight: 400;\">Petit \u00e0 petit, j\u2019ai affin\u00e9 mes lignes, recherch\u00e9 ce <\/span><b>son chaud<\/b><span style=\"font-weight: 400;\">, inspir\u00e9 des \u00eeles du Pacifique, mais avec une touche plus rock dans l\u2019esth\u00e9tique. La marque Akanth est n\u00e9e.<\/span><\/p>\n<p><span style=\"font-weight: 400;\">Le nom ? Il regroupe plusieurs choses qui me tiennent \u00e0 c\u0153ur. Akanth, comme l\u2019acanthe, cette plante qu\u2019on retrouve sur les chapiteaux corinthiens, clin d\u2019\u0153il \u00e0 mon pass\u00e9 dans l\u2019art et les objets anciens. Le K, c\u2019est pour les groupes qui ont berc\u00e9 mon adolescence (Korn, Slipknot). Et puis \u00ab\u00a0kant\u00a0\u00bb, en \u00e9cho au verbe espagnol cantar, chanter.<\/span><\/p>\n<p><span style=\"font-weight: 400;\">Voil\u00e0 mon parcours. Voil\u00e0 ce que je fais : des <\/span><b>ukul\u00e9l\u00e9s artisanaux, fabriqu\u00e9s en France<\/b><span style=\"font-weight: 400;\">, pens\u00e9s pour \u00eatre jou\u00e9s, transport\u00e9s, personnalis\u00e9s. Des instruments qui donnent envie de se lancer, et de ne jamais s\u2019arr\u00eater.<\/span>[\/vc_column_text][\/vc_column][vc_column width=\u00a0\u00bb1\/2&Prime;][vc_single_image image=\u00a0\u00bb2089&Prime; img_size=\u00a0\u00bb450&#215;300&Prime; alignment=\u00a0\u00bbcenter\u00a0\u00bb css=\u00a0\u00bb\u00a0\u00bb][\/vc_column][\/vc_row]<\/p>\n<\/div>","protected":false},"excerpt":{"rendered":"<p>[vc_row][vc_column width=\u00a0\u00bb1\/2&Prime;][vc_column_text css=\u00a0\u00bb\u00a0\u00bb]Je m\u2019appelle Arnaud, je ne suis pas musicien de formation. Je n\u2019ai pas grandi avec un ukul\u00e9l\u00e9 entre les mains. J\u2019ai d\u00e9couvert la musique tard, en m\u00eame temps [&hellip;]<\/p>\n","protected":false},"author":2,"featured_media":0,"parent":0,"menu_order":0,"comment_status":"closed","ping_status":"closed","template":"","meta":{"footnotes":""},"class_list":["post-2319","page","type-page","status-publish","hentry"],"_links":{"self":[{"href":"https:\/\/akanth-ukulele.com\/index.php\/wp-json\/wp\/v2\/pages\/2319","targetHints":{"allow":["GET"]}}],"collection":[{"href":"https:\/\/akanth-ukulele.com\/index.php\/wp-json\/wp\/v2\/pages"}],"about":[{"href":"https:\/\/akanth-ukulele.com\/index.php\/wp-json\/wp\/v2\/types\/page"}],"author":[{"embeddable":true,"href":"https:\/\/akanth-ukulele.com\/index.php\/wp-json\/wp\/v2\/users\/2"}],"replies":[{"embeddable":true,"href":"https:\/\/akanth-ukulele.com\/index.php\/wp-json\/wp\/v2\/comments?post=2319"}],"version-history":[{"count":13,"href":"https:\/\/akanth-ukulele.com\/index.php\/wp-json\/wp\/v2\/pages\/2319\/revisions"}],"predecessor-version":[{"id":2874,"href":"https:\/\/akanth-ukulele.com\/index.php\/wp-json\/wp\/v2\/pages\/2319\/revisions\/2874"}],"wp:attachment":[{"href":"https:\/\/akanth-ukulele.com\/index.php\/wp-json\/wp\/v2\/media?parent=2319"}],"curies":[{"name":"wp","href":"https:\/\/api.w.org\/{rel}","templated":true}]}}