{"id":170,"date":"2024-07-08T00:44:04","date_gmt":"2024-07-07T22:44:04","guid":{"rendered":"https:\/\/akanth-ukulele.com\/?page_id=170"},"modified":"2025-08-07T00:52:41","modified_gmt":"2025-08-06T22:52:41","slug":"accueil","status":"publish","type":"page","link":"https:\/\/akanth-ukulele.com\/","title":{"rendered":"Accueil"},"content":{"rendered":"<div class=\"wpb-content-wrapper\"><p>[vc_row full_width=\u00a0\u00bbstretch_row_content_no_spaces\u00a0\u00bb][vc_column]<div class=\"slider-zoom  zoom-default zoom-color-white zoom-align-center zoom-style-large overlay-false bullets-false\" id=\"like_sc_zoom_slider_727788989\" data-zs-prev=\"prev\" data-zs-next=\"next\" data-zs-overlay=\"false\" data-zs-initzoom=\"1.2\" data-zs-speed=\"20000\" data-zs-interval=\"4500\" data-zs-switchSpeed=\"7000\" data-zs-arrows=\"false\" data-zs-bullets=\"false\" data-zs-src='[&#34;https:\\\/\\\/akanth-ukulele.com\\\/wp-content\\\/uploads\\\/2024\\\/10\\\/slide2.jpg&#34;,&#34;https:\\\/\\\/akanth-ukulele.com\\\/wp-content\\\/uploads\\\/2024\\\/10\\\/slide1.jpg&#34;,&#34;https:\\\/\\\/akanth-ukulele.com\\\/wp-content\\\/uploads\\\/2024\\\/10\\\/poncage1.jpg&#34;,&#34;https:\\\/\\\/akanth-ukulele.com\\\/wp-content\\\/uploads\\\/2024\\\/10\\\/slide5.jpg&#34;]' data-zs-src2=''>\r\n\t<div class=\"container\">\r\n\t\t<div class=\"slider-inner\">\r\n\t\t\t<div class=\"es-resp\">\t<div class=\"hidden-sm hidden-ms hidden-xs\" style=\"height: 1000px\"><\/div>\t<div class=\"hidden-xl hidden-lg hidden-md hidden-xs\" style=\"height: 600px\"><\/div>\t<div class=\"visible-xs\" style=\"height: 600px\"><\/div><\/div>\r\n\t\t<\/div>\r\n\t<\/div>\r\n<\/div>[vc_separator css=\u00a0\u00bb\u00a0\u00bb][\/vc_column][\/vc_row][vc_row][vc_column width=\u00a0\u00bb1\/2&Prime;][vc_column_text css=\u00a0\u00bb\u00a0\u00bb]<\/p>\n<h3><span style=\"font-weight: 400;\">Le Ukul\u00e9l\u00e9 artisanal, design et personnalisable<\/span><\/h3>\n<p><span style=\"font-weight: 400;\">Chaque ukul\u00e9l\u00e9 fabriqu\u00e9 est une pi\u00e8ce unique, fa\u00e7onn\u00e9e \u00e0 la main dans mon atelier d\u2019\u00e9b\u00e9niste, au style reconnaissable au premier coup d\u2019\u0153il. Ici, pas de production en s\u00e9rie : choisissez le design, les finitions, et je donne vie \u00e0 un instrument qui vous ressemble.\u00a0<\/span><\/p>\n<p><span style=\"font-weight: 400;\">Si vous souhaitez apprendre le ukul\u00e9l\u00e9 avec un bel objet artisanal, vous jouerez sur un mod\u00e8le pens\u00e9 pour durer, \u00e0 la fois esth\u00e9tique, agr\u00e9able \u00e0 jouer et facile \u00e0 transporter.<\/span>[\/vc_column_text][\/vc_column][vc_column width=\u00a0\u00bb1\/2&Prime;][\/vc_column][\/vc_row][vc_row][vc_column width=\u00a0\u00bb1\/2&Prime;][\/vc_column][vc_column width=\u00a0\u00bb1\/2&Prime;][vc_column_text css=\u00a0\u00bb\u00a0\u00bb]<\/p>\n<h3><span style=\"font-weight: 400;\">Un ukul\u00e9l\u00e9 artisanal, fabriqu\u00e9 en France<\/span><\/h3>\n<p><span style=\"font-weight: 400;\">Je fabrique chaque ukul\u00e9l\u00e9 \u00e0 la main, dans mon atelier en r\u00e9gion parisienne. L\u00e9ger, compact et facile \u00e0 transporter, il offre une prise en main intuitive, bien diff\u00e9rente des mod\u00e8les produits en s\u00e9rie. Je choisis les bois avec soin pour cr\u00e9er des instruments de musique fiables, durables, et agr\u00e9ables \u00e0 jouer. Le son est juste, le toucher naturel, et chaque mod\u00e8le garde sa singularit\u00e9.<\/span>[\/vc_column_text][\/vc_column][\/vc_row][vc_row][vc_column width=\u00a0\u00bb1\/2&Prime;][vc_column_text css=\u00a0\u00bb\u00a0\u00bb]<\/p>\n<h3><span style=\"font-weight: 400;\">Votre style, votre son<\/span><\/h3>\n<p><span style=\"font-weight: 400;\">Couleur, rosace (sortie d\u2019air) ou table d\u2019harmonie : plusieurs options vous sont propos\u00e9es pour personnaliser votre ukul\u00e9l\u00e9 selon vos go\u00fbts. Style traditionnel ou look plus rock, l\u2019id\u00e9e est de cr\u00e9er un instrument qui vous inspire. Chaque mod\u00e8le reste \u00e9quilibr\u00e9, facile \u00e0 jouer et \u00e0 accorder, et permet de s\u2019ouvrir \u00e0 diff\u00e9rents styles musicaux, en solo ou en accompagnement.<\/span>[\/vc_column_text][\/vc_column][vc_column width=\u00a0\u00bb1\/2&Prime;][\/vc_column][\/vc_row][vc_row][vc_column offset=\u00a0\u00bbvc_col-lg-12 vc_col-xs-12&Prime;][vc_separator color=\u00a0\u00bbcustom\u00a0\u00bb border_width=\u00a0\u00bb3&Prime; css=\u00a0\u00bb\u00a0\u00bb accent_color=\u00a0\u00bb#0C4B65&Prime;][\/vc_column][\/vc_row][vc_row][vc_column offset=\u00a0\u00bbvc_col-xs-12&Prime;][vc_btn title=\u00a0\u00bbCommencer la composition de votre Ukul\u00e9l\u00e9 en choisissant votre mod\u00e8le :\u00a0\u00bb color=\u00a0\u00bbsandy-brown\u00a0\u00bb size=\u00a0\u00bblg\u00a0\u00bb align=\u00a0\u00bbcenter\u00a0\u00bb css_animation=\u00a0\u00bbnone\u00a0\u00bb css=\u00a0\u00bb.vc_custom_1732147182573{margin-bottom: 15px !important;}\u00a0\u00bb link=\u00a0\u00bburl:https%3A%2F%2Fakanth-ukulele.com%2Findex.php%2Fcategorie-produit%2Fukuleles%2F\u00a0\u00bb]<div class=\"woocommerce columns-3 \"><ul class=\"products columns-3\">\n<li class=\"has-post-thumbnail product type-product post-175 status-publish first instock product_cat-ukuleles product_tag-ukulele sale taxable shipping-taxable purchasable product-type-variable has-default-attributes\">\n\t<div class=\"matchHeight item\">\t\t\t<a href=\"https:\/\/akanth-ukulele.com\/index.php\/produit\/kaori\/\">\r\n\t\t\t\t<div class=\"image\">\r\n\t\t\n\t<span class=\"onsale\">Promo\u00a0!<\/span>\n\t<img loading=\"lazy\" decoding=\"async\" width=\"900\" height=\"1000\" src=\"https:\/\/akanth-ukulele.com\/wp-content\/uploads\/2024\/07\/boutonkaori2_PRODUCT1.png\" class=\"attachment-woocommerce_thumbnail size-woocommerce_thumbnail\" alt=\"Kaori\" \/><\/div><h2 class=\"woocommerce-loop-product__title\">Kaori<\/h2><\/a>\n\t<span class=\"price\"><del aria-hidden=\"true\"><span class=\"woocommerce-Price-amount amount\"><bdi>299,90&nbsp;<span class=\"woocommerce-Price-currencySymbol\">&euro;<\/span><\/bdi><\/span><\/del> <span class=\"screen-reader-text\">Le prix initial \u00e9tait\u00a0: 299,90&nbsp;&euro;.<\/span><ins aria-hidden=\"true\"><span class=\"woocommerce-Price-amount amount\"><bdi>229,90&nbsp;<span class=\"woocommerce-Price-currencySymbol\">&euro;<\/span><\/bdi><\/span><\/ins><span class=\"screen-reader-text\">Le prix actuel est\u00a0: 229,90&nbsp;&euro;.<\/span> <small class=\"woocommerce-price-suffix\">(TTC)<\/small><\/span>\n<a href=\"https:\/\/akanth-ukulele.com\/index.php\/produit\/kaori\/\" aria-describedby=\"woocommerce_loop_add_to_cart_link_describedby_175\" data-quantity=\"1\" class=\"button product_type_variable add_to_cart_button\" data-product_id=\"175\" data-product_sku=\"\" aria-label=\"S\u00e9lectionner les options pour &ldquo;Kaori&rdquo;\" rel=\"nofollow\">Choix des options<\/a>\t<span id=\"woocommerce_loop_add_to_cart_link_describedby_175\" class=\"screen-reader-text\">\n\t\tCe produit a plusieurs variations. Les options peuvent \u00eatre choisies sur la page du produit\t<\/span>\n<\/li>\n<li class=\"has-post-thumbnail product type-product post-766 status-publish instock product_cat-ukuleles sale taxable shipping-taxable purchasable product-type-variable has-default-attributes\">\n\t<div class=\"matchHeight item\">\t\t\t<a href=\"https:\/\/akanth-ukulele.com\/index.php\/produit\/slash\/\">\r\n\t\t\t\t<div class=\"image\">\r\n\t\t\n\t<span class=\"onsale\">Promo\u00a0!<\/span>\n\t<img loading=\"lazy\" decoding=\"async\" width=\"900\" height=\"1001\" src=\"https:\/\/akanth-ukulele.com\/wp-content\/uploads\/2024\/08\/boutonslash2_PRODUCT1.png\" class=\"attachment-woocommerce_thumbnail size-woocommerce_thumbnail\" alt=\"Slash\" \/><\/div><h2 class=\"woocommerce-loop-product__title\">Slash<\/h2><\/a>\n\t<span class=\"price\"><del aria-hidden=\"true\"><span class=\"woocommerce-Price-amount amount\"><bdi>299,90&nbsp;<span class=\"woocommerce-Price-currencySymbol\">&euro;<\/span><\/bdi><\/span><\/del> <span class=\"screen-reader-text\">Le prix initial \u00e9tait\u00a0: 299,90&nbsp;&euro;.<\/span><ins aria-hidden=\"true\"><span class=\"woocommerce-Price-amount amount\"><bdi>229,90&nbsp;<span class=\"woocommerce-Price-currencySymbol\">&euro;<\/span><\/bdi><\/span><\/ins><span class=\"screen-reader-text\">Le prix actuel est\u00a0: 229,90&nbsp;&euro;.<\/span> <small class=\"woocommerce-price-suffix\">(TTC)<\/small><\/span>\n<a href=\"https:\/\/akanth-ukulele.com\/index.php\/produit\/slash\/\" aria-describedby=\"woocommerce_loop_add_to_cart_link_describedby_766\" data-quantity=\"1\" class=\"button product_type_variable add_to_cart_button\" data-product_id=\"766\" data-product_sku=\"\" aria-label=\"S\u00e9lectionner les options pour &ldquo;Slash&rdquo;\" rel=\"nofollow\">Choix des options<\/a>\t<span id=\"woocommerce_loop_add_to_cart_link_describedby_766\" class=\"screen-reader-text\">\n\t\tCe produit a plusieurs variations. Les options peuvent \u00eatre choisies sur la page du produit\t<\/span>\n<\/li>\n<li class=\"has-post-thumbnail product type-product post-817 status-publish last instock product_cat-ukuleles sale taxable shipping-taxable purchasable product-type-variable has-default-attributes\">\n\t<div class=\"matchHeight item\">\t\t\t<a href=\"https:\/\/akanth-ukulele.com\/index.php\/produit\/angus\/\">\r\n\t\t\t\t<div class=\"image\">\r\n\t\t\n\t<span class=\"onsale\">Promo\u00a0!<\/span>\n\t<img loading=\"lazy\" decoding=\"async\" width=\"900\" height=\"1000\" src=\"https:\/\/akanth-ukulele.com\/wp-content\/uploads\/2024\/08\/boutonangus_PRODUCT1.png\" class=\"attachment-woocommerce_thumbnail size-woocommerce_thumbnail\" alt=\"Angus\" \/><\/div><h2 class=\"woocommerce-loop-product__title\">Angus<\/h2><div class=\"star-rating\" role=\"img\" aria-label=\"Note 5.00 sur 5\"><span style=\"width:100%\">Note <strong class=\"rating\">5.00<\/strong> sur 5<\/span><\/div><\/a>\n\t<span class=\"price\"><del aria-hidden=\"true\"><span class=\"woocommerce-Price-amount amount\"><bdi>299,90&nbsp;<span class=\"woocommerce-Price-currencySymbol\">&euro;<\/span><\/bdi><\/span><\/del> <span class=\"screen-reader-text\">Le prix initial \u00e9tait\u00a0: 299,90&nbsp;&euro;.<\/span><ins aria-hidden=\"true\"><span class=\"woocommerce-Price-amount amount\"><bdi>229,90&nbsp;<span class=\"woocommerce-Price-currencySymbol\">&euro;<\/span><\/bdi><\/span><\/ins><span class=\"screen-reader-text\">Le prix actuel est\u00a0: 229,90&nbsp;&euro;.<\/span> <small class=\"woocommerce-price-suffix\">(TTC)<\/small><\/span>\n<a href=\"https:\/\/akanth-ukulele.com\/index.php\/produit\/angus\/\" aria-describedby=\"woocommerce_loop_add_to_cart_link_describedby_817\" data-quantity=\"1\" class=\"button product_type_variable add_to_cart_button\" data-product_id=\"817\" data-product_sku=\"\" aria-label=\"S\u00e9lectionner les options pour &ldquo;Angus&rdquo;\" rel=\"nofollow\">Choix des options<\/a>\t<span id=\"woocommerce_loop_add_to_cart_link_describedby_817\" class=\"screen-reader-text\">\n\t\tCe produit a plusieurs variations. Les options peuvent \u00eatre choisies sur la page du produit\t<\/span>\n<\/li>\n<\/ul>\n<\/div>[vc_btn title=\u00a0\u00bbAcc\u00e9der \u00e0 la boutique\u00a0\u00bb style=\u00a0\u00bbclassic\u00a0\u00bb color=\u00a0\u00bbsandy-brown\u00a0\u00bb size=\u00a0\u00bblg\u00a0\u00bb align=\u00a0\u00bbcenter\u00a0\u00bb css=\u00a0\u00bb\u00a0\u00bb link=\u00a0\u00bburl:https%3A%2F%2Fakanth-ukulele.com%2Findex.php%2Fboutique%2F|title:Boutique\u00a0\u00bb][\/vc_column][\/vc_row][vc_row][vc_column offset=\u00a0\u00bbvc_col-lg-12 vc_col-xs-12&Prime;][vc_separator color=\u00a0\u00bbcustom\u00a0\u00bb border_width=\u00a0\u00bb3&Prime; css=\u00a0\u00bb\u00a0\u00bb accent_color=\u00a0\u00bb#0C4B65&Prime;][\/vc_column][\/vc_row][vc_row][vc_column width=\u00a0\u00bb1\/4&Prime;][vc_single_image image=\u00a0\u00bb2291&Prime; img_size=\u00a0\u00bbmedium\u00a0\u00bb alignment=\u00a0\u00bbcenter\u00a0\u00bb css=\u00a0\u00bb\u00a0\u00bb][\/vc_column][vc_column width=\u00a0\u00bb3\/4&Prime;][vc_cta h2=\u00a0\u00bbMarch\u00e9 de No\u00ebl de Janvry\u00a0\u00bb h2_font_container=\u00a0\u00bbtag:h2|text_align:center|color:%23111111&Prime; h4=\u00a0\u00bbDu 29 Novembre au 1er D\u00e9cembre\u00a0\u00bb h4_font_container=\u00a0\u00bbtag:h4|text_align:center|color:%23111111&Prime; txt_align=\u00a0\u00bbcenter\u00a0\u00bb add_button=\u00a0\u00bbbottom\u00a0\u00bb btn_title=\u00a0\u00bbQuelques photos de l&rsquo;\u00e9v\u00e8nement\u00a0\u00bb btn_color=\u00a0\u00bbsandy-brown\u00a0\u00bb btn_align=\u00a0\u00bbcenter\u00a0\u00bb css=\u00a0\u00bb\u00a0\u00bb use_custom_fonts_h2=\u00a0\u00bbtrue\u00a0\u00bb use_custom_fonts_h4=\u00a0\u00bbtrue\u00a0\u00bb btn_link=\u00a0\u00bburl:https%3A%2F%2Fakanth-ukulele.com%2Findex.php%2Fjanvry24%2F|title:Gallerie%20photos\u00a0\u00bb]<\/p>\n<h5 style=\"text-align: center;\">\u00c0 l&rsquo;ann\u00e9e prochaine \ud83d\ude09<br \/>\nUn grand merci pour votre pr\u00e9sence et les \u00e9changes r\u00e9alis\u00e9s.<\/h5>\n<p>[\/vc_cta][\/vc_column][\/vc_row][vc_row full_width=\u00a0\u00bbstretch_row_content_no_spaces\u00a0\u00bb content_placement=\u00a0\u00bbbottom\u00a0\u00bb][vc_column][vc_btn title=\u00a0\u00bbBonne journ\u00e9e\u00a0\u00bb size=\u00a0\u00bblg\u00a0\u00bb align=\u00a0\u00bbcenter\u00a0\u00bb css=\u00a0\u00bb.vc_custom_1733960337343{margin-bottom: 0px !important;}\u00a0\u00bb button_block=\u00a0\u00bbtrue\u00a0\u00bb][\/vc_column][\/vc_row]<\/p>\n<\/div>","protected":false},"excerpt":{"rendered":"<p>[vc_row full_width=\u00a0\u00bbstretch_row_content_no_spaces\u00a0\u00bb][vc_column][vc_separator css=\u00a0\u00bb\u00a0\u00bb][\/vc_column][\/vc_row][vc_row][vc_column width=\u00a0\u00bb1\/2&Prime;][vc_column_text css=\u00a0\u00bb\u00a0\u00bb] Le Ukul\u00e9l\u00e9 artisanal, design et personnalisable Chaque ukul\u00e9l\u00e9 fabriqu\u00e9 est une pi\u00e8ce unique, fa\u00e7onn\u00e9e \u00e0 la main dans mon atelier d\u2019\u00e9b\u00e9niste, au style reconnaissable au [&hellip;]<\/p>\n","protected":false},"author":1,"featured_media":0,"parent":0,"menu_order":0,"comment_status":"closed","ping_status":"closed","template":"","meta":{"footnotes":""},"class_list":["post-170","page","type-page","status-publish","hentry"],"_links":{"self":[{"href":"https:\/\/akanth-ukulele.com\/index.php\/wp-json\/wp\/v2\/pages\/170","targetHints":{"allow":["GET"]}}],"collection":[{"href":"https:\/\/akanth-ukulele.com\/index.php\/wp-json\/wp\/v2\/pages"}],"about":[{"href":"https:\/\/akanth-ukulele.com\/index.php\/wp-json\/wp\/v2\/types\/page"}],"author":[{"embeddable":true,"href":"https:\/\/akanth-ukulele.com\/index.php\/wp-json\/wp\/v2\/users\/1"}],"replies":[{"embeddable":true,"href":"https:\/\/akanth-ukulele.com\/index.php\/wp-json\/wp\/v2\/comments?post=170"}],"version-history":[{"count":280,"href":"https:\/\/akanth-ukulele.com\/index.php\/wp-json\/wp\/v2\/pages\/170\/revisions"}],"predecessor-version":[{"id":2876,"href":"https:\/\/akanth-ukulele.com\/index.php\/wp-json\/wp\/v2\/pages\/170\/revisions\/2876"}],"wp:attachment":[{"href":"https:\/\/akanth-ukulele.com\/index.php\/wp-json\/wp\/v2\/media?parent=170"}],"curies":[{"name":"wp","href":"https:\/\/api.w.org\/{rel}","templated":true}]}}